{"id":1172,"date":"2022-07-18T09:22:51","date_gmt":"2022-07-18T09:22:51","guid":{"rendered":"https:\/\/energies.virunga.org\/wasiliana-nasi\/"},"modified":"2022-08-09T07:58:53","modified_gmt":"2022-08-09T07:58:53","slug":"wasiliana-nasi","status":"publish","type":"page","link":"https:\/\/energies.virunga.org\/sw\/wasiliana-nasi\/","title":{"rendered":"Wasiliana nasi"},"content":{"rendered":"","protected":false},"excerpt":{"rendered":"","protected":false},"author":2,"featured_media":0,"parent":0,"menu_order":0,"comment_status":"closed","ping_status":"closed","template":"","meta":{"_acf_changed":false,"footnotes":""},"class_list":["post-1172","page","type-page","status-publish","hentry"],"acf":[],"yoast_head":"<!-- This site is optimized with the Yoast SEO plugin v26.6 - https:\/\/yoast.com\/wordpress\/plugins\/seo\/ -->\n<title>Wasiliana nasi | Virunga Energies<\/title>\n<meta name=\"description\" content=\"Contactez le personnel qualifi\u00e9 de Virunga Energies et trouvez r\u00e9ponses \u00e0 vos questions.\" \/>\n<meta name=\"robots\" content=\"index, follow, max-snippet:-1, max-image-preview:large, max-video-preview:-1\" \/>\n<link rel=\"canonical\" href=\"https:\/\/energies.virunga.org\/sw\/wasiliana-nasi\/\" \/>\n<meta property=\"og:locale\" content=\"en_US\" \/>\n<meta property=\"og:type\" content=\"article\" \/>\n<meta property=\"og:title\" content=\"Wasiliana nasi | Virunga Energies\" \/>\n<meta property=\"og:description\" content=\"Contactez le personnel qualifi\u00e9 de Virunga Energies et trouvez r\u00e9ponses \u00e0 vos questions.\" \/>\n<meta property=\"og:url\" content=\"https:\/\/energies.virunga.org\/sw\/wasiliana-nasi\/\" \/>\n<meta property=\"og:site_name\" content=\"Virunga Energies\" \/>\n<meta property=\"article:modified_time\" content=\"2022-08-09T07:58:53+00:00\" \/>\n<meta name=\"twitter:card\" content=\"summary_large_image\" \/>\n<script type=\"application\/ld+json\" class=\"yoast-schema-graph\">{\"@context\":\"https:\/\/schema.org\",\"@graph\":[{\"@type\":\"WebPage\",\"@id\":\"https:\/\/energies.virunga.org\/sw\/wasiliana-nasi\/\",\"url\":\"https:\/\/energies.virunga.org\/sw\/wasiliana-nasi\/\",\"name\":\"Wasiliana nasi | Virunga Energies\",\"isPartOf\":{\"@id\":\"https:\/\/energies.virunga.org\/#website\"},\"datePublished\":\"2022-07-18T09:22:51+00:00\",\"dateModified\":\"2022-08-09T07:58:53+00:00\",\"description\":\"Contactez le personnel qualifi\u00e9 de Virunga Energies et trouvez r\u00e9ponses \u00e0 vos questions.\",\"breadcrumb\":{\"@id\":\"https:\/\/energies.virunga.org\/sw\/wasiliana-nasi\/#breadcrumb\"},\"inLanguage\":\"sw-SW\",\"potentialAction\":[{\"@type\":\"ReadAction\",\"target\":[\"https:\/\/energies.virunga.org\/sw\/wasiliana-nasi\/\"]}]},{\"@type\":\"BreadcrumbList\",\"@id\":\"https:\/\/energies.virunga.org\/sw\/wasiliana-nasi\/#breadcrumb\",\"itemListElement\":[{\"@type\":\"ListItem\",\"position\":1,\"name\":\"Home\",\"item\":\"https:\/\/energies.virunga.org\/sw\/\"},{\"@type\":\"ListItem\",\"position\":2,\"name\":\"Wasiliana nasi\"}]},{\"@type\":\"WebSite\",\"@id\":\"https:\/\/energies.virunga.org\/#website\",\"url\":\"https:\/\/energies.virunga.org\/\",\"name\":\"Virunga Energies\",\"description\":\"Just another Virunga National Park Site\",\"potentialAction\":[{\"@type\":\"SearchAction\",\"target\":{\"@type\":\"EntryPoint\",\"urlTemplate\":\"https:\/\/energies.virunga.org\/?s={search_term_string}\"},\"query-input\":{\"@type\":\"PropertyValueSpecification\",\"valueRequired\":true,\"valueName\":\"search_term_string\"}}],\"inLanguage\":\"sw-SW\"}]}<\/script>\n<!-- \/ Yoast SEO plugin. -->","yoast_head_json":{"title":"Wasiliana nasi | Virunga Energies","description":"Contactez le personnel qualifi\u00e9 de Virunga Energies et trouvez r\u00e9ponses \u00e0 vos questions.","robots":{"index":"index","follow":"follow","max-snippet":"max-snippet:-1","max-image-preview":"max-image-preview:large","max-video-preview":"max-video-preview:-1"},"canonical":"https:\/\/energies.virunga.org\/sw\/wasiliana-nasi\/","og_locale":"en_US","og_type":"article","og_title":"Wasiliana nasi | Virunga Energies","og_description":"Contactez le personnel qualifi\u00e9 de Virunga Energies et trouvez r\u00e9ponses \u00e0 vos questions.","og_url":"https:\/\/energies.virunga.org\/sw\/wasiliana-nasi\/","og_site_name":"Virunga Energies","article_modified_time":"2022-08-09T07:58:53+00:00","twitter_card":"summary_large_image","schema":{"@context":"https:\/\/schema.org","@graph":[{"@type":"WebPage","@id":"https:\/\/energies.virunga.org\/sw\/wasiliana-nasi\/","url":"https:\/\/energies.virunga.org\/sw\/wasiliana-nasi\/","name":"Wasiliana nasi | Virunga Energies","isPartOf":{"@id":"https:\/\/energies.virunga.org\/#website"},"datePublished":"2022-07-18T09:22:51+00:00","dateModified":"2022-08-09T07:58:53+00:00","description":"Contactez le personnel qualifi\u00e9 de Virunga Energies et trouvez r\u00e9ponses \u00e0 vos questions.","breadcrumb":{"@id":"https:\/\/energies.virunga.org\/sw\/wasiliana-nasi\/#breadcrumb"},"inLanguage":"sw-SW","potentialAction":[{"@type":"ReadAction","target":["https:\/\/energies.virunga.org\/sw\/wasiliana-nasi\/"]}]},{"@type":"BreadcrumbList","@id":"https:\/\/energies.virunga.org\/sw\/wasiliana-nasi\/#breadcrumb","itemListElement":[{"@type":"ListItem","position":1,"name":"Home","item":"https:\/\/energies.virunga.org\/sw\/"},{"@type":"ListItem","position":2,"name":"Wasiliana nasi"}]},{"@type":"WebSite","@id":"https:\/\/energies.virunga.org\/#website","url":"https:\/\/energies.virunga.org\/","name":"Virunga Energies","description":"Just another Virunga National Park Site","potentialAction":[{"@type":"SearchAction","target":{"@type":"EntryPoint","urlTemplate":"https:\/\/energies.virunga.org\/?s={search_term_string}"},"query-input":{"@type":"PropertyValueSpecification","valueRequired":true,"valueName":"search_term_string"}}],"inLanguage":"sw-SW"}]}},"_links":{"self":[{"href":"https:\/\/energies.virunga.org\/sw\/wp-json\/wp\/v2\/pages\/1172","targetHints":{"allow":["GET"]}}],"collection":[{"href":"https:\/\/energies.virunga.org\/sw\/wp-json\/wp\/v2\/pages"}],"about":[{"href":"https:\/\/energies.virunga.org\/sw\/wp-json\/wp\/v2\/types\/page"}],"author":[{"embeddable":true,"href":"https:\/\/energies.virunga.org\/sw\/wp-json\/wp\/v2\/users\/2"}],"replies":[{"embeddable":true,"href":"https:\/\/energies.virunga.org\/sw\/wp-json\/wp\/v2\/comments?post=1172"}],"version-history":[{"count":3,"href":"https:\/\/energies.virunga.org\/sw\/wp-json\/wp\/v2\/pages\/1172\/revisions"}],"predecessor-version":[{"id":1359,"href":"https:\/\/energies.virunga.org\/sw\/wp-json\/wp\/v2\/pages\/1172\/revisions\/1359"}],"wp:attachment":[{"href":"https:\/\/energies.virunga.org\/sw\/wp-json\/wp\/v2\/media?parent=1172"}],"curies":[{"name":"wp","href":"https:\/\/api.w.org\/{rel}","templated":true}]}}